{"id":43308,"date":"2022-04-12T11:00:35","date_gmt":"2022-04-12T09:00:35","guid":{"rendered":"https:\/\/avaloncyprus.com\/o-nas\/"},"modified":"2025-06-03T10:40:06","modified_gmt":"2025-06-03T08:40:06","slug":"o-nas","status":"publish","type":"page","link":"https:\/\/avaloncyprus.com\/pl\/o-nas\/","title":{"rendered":"O nas"},"content":{"rendered":"\t\t<div data-elementor-type=\"wp-page\" data-elementor-id=\"43308\" class=\"elementor elementor-43308 elementor-29436\">\n\t\t\t\t\t\t<section class=\"elementor-section elementor-top-section elementor-element elementor-element-31936e3f animated-slow elementor-section-content-middle elementor-section-stretched elementor-section-boxed elementor-section-height-default elementor-section-height-default elementor-invisible\" data-id=\"31936e3f\" data-element_type=\"section\" data-settings=\"{&quot;background_background&quot;:&quot;classic&quot;,&quot;animation&quot;:&quot;fadeIn&quot;,&quot;stretch_section&quot;:&quot;section-stretched&quot;}\">\n\t\t\t\t\t\t\t<div class=\"elementor-background-overlay\"><\/div>\n\t\t\t\t\t\t\t<div class=\"elementor-container elementor-column-gap-no\">\n\t\t\t\t\t<div class=\"elementor-column elementor-col-100 elementor-top-column elementor-element elementor-element-5a0e78e0\" data-id=\"5a0e78e0\" data-element_type=\"column\" data-settings=\"{&quot;background_background&quot;:&quot;classic&quot;}\">\n\t\t\t<div class=\"elementor-widget-wrap elementor-element-populated\">\n\t\t\t\t\t\t<div class=\"elementor-element elementor-element-3c9de0ae elementor-widget elementor-widget-heading\" data-id=\"3c9de0ae\" data-element_type=\"widget\" data-widget_type=\"heading.default\">\n\t\t\t\t<div class=\"elementor-widget-container\">\n\t\t\t\t\t<h2 class=\"elementor-heading-title elementor-size-default\">O nas<\/h2>\t\t\t\t<\/div>\n\t\t\t\t<\/div>\n\t\t\t\t<div class=\"elementor-element elementor-element-7b4eaf25 elementor-widget elementor-widget-heading\" data-id=\"7b4eaf25\" data-element_type=\"widget\" data-widget_type=\"heading.default\">\n\t\t\t\t<div class=\"elementor-widget-container\">\n\t\t\t\t\t<p class=\"elementor-heading-title elementor-size-default\">Poznaj Grup\u0119 Avalon<\/p>\t\t\t\t<\/div>\n\t\t\t\t<\/div>\n\t\t\t\t\t<\/div>\n\t\t<\/div>\n\t\t\t\t\t<\/div>\n\t\t<\/section>\n\t\t<div class=\"elementor-element elementor-element-0ad1c0e e-flex e-con-boxed e-con e-parent\" data-id=\"0ad1c0e\" data-element_type=\"container\">\n\t\t\t\t\t<div class=\"e-con-inner\">\n\t\t<div class=\"elementor-element elementor-element-87b61f9 e-con-full e-flex e-con e-child\" data-id=\"87b61f9\" data-element_type=\"container\">\n\t\t\t\t<div class=\"elementor-element elementor-element-1bf76c8 elementor-widget elementor-widget-text-editor\" data-id=\"1bf76c8\" data-element_type=\"widget\" data-widget_type=\"text-editor.default\">\n\t\t\t\t<div class=\"elementor-widget-container\">\n\t\t\t\t\t\t\t\t\t<p>Spe\u0142nij swoje marzenie o posiadaniu wymarzonego domu na rajskiej wyspie. Nasz zesp\u00f3\u0142 Avalon specjalizuje si\u0119 w u\u0142atwianiu procesu zakupu oraz odsprzeda\u017cy nieruchomo\u015bci na Cyprze. \ud83c\udf1e<\/p><p>Jako nowoczesna grupa zarz\u0105dzania nieruchomo\u015bciami, jeste\u015bmy zaanga\u017cowani w oszcz\u0119dzanie Twojego czasu i pieni\u0119dzy, prowadz\u0105c Ci\u0119 od chwili, gdy przekroczysz pr\u00f3g naszego biura, do momentu otrzymania kluczy do nowej nieruchomo\u015bci, a p\u00f3\u017aniej pomagamy w zarz\u0105dzaniu nieruchomo\u015bci\u0105, co zdecydowanie wyr\u00f3\u017cnia nas na tle konkurencji. Mo\u017cesz by\u0107 pewien, \u017ce zajmujemy si\u0119 wszystkimi niezb\u0119dnymi procedurami finansowymi i prawnymi, pomagaj\u0105c w dokumentacji, umowach, poszukiwaniu domu, wyborze najlepszych lokalizacji, najbardziej dochodowych inwestycji z najwy\u017cszym wzrostem warto\u015bci kapita\u0142u i najszybszym zwrotem z inwestycji. Dodatkowo oferujemy zarz\u0105dzanie Twoj\u0105 nieruchomo\u015bci\u0105, a je\u015bli w przysz\u0142o\u015bci zdecydujesz si\u0119 na sprzeda\u017c, pomo\u017cemy Ci w reklamie, znalezieniu kupc\u00f3w oraz finalnych negocjacjach z potencjalnymi nabywcami.<\/p><p>Naszym nadrz\u0119dnym celem jest dostarczanie najlepszej jako\u015bci us\u0142ug naszym klientom w trakcie oraz po zakupie. Dzi\u0119ki naszej pracy \u015bwi\u0119towali\u015bmy ju\u017c wiele sukces\u00f3w z naszymi cenionymi klientami, zapraszamy do wsp\u00f3\u0142pracy, aby \u015bwi\u0119towa\u0107 kolejny w\u0142a\u015bnie z Tob\u0105.<\/p>\t\t\t\t\t\t\t\t<\/div>\n\t\t\t\t<\/div>\n\t\t\t\t<\/div>\n\t\t<div class=\"elementor-element elementor-element-0c85b09 e-con-full e-flex e-con e-child\" data-id=\"0c85b09\" data-element_type=\"container\">\n\t\t\t\t<div class=\"elementor-element elementor-element-2e51958 elementor-widget elementor-widget-image\" data-id=\"2e51958\" data-element_type=\"widget\" data-widget_type=\"image.default\">\n\t\t\t\t<div class=\"elementor-widget-container\">\n\t\t\t\t\t\t\t\t\t\t\t\t\t\t\t<img fetchpriority=\"high\" decoding=\"async\" width=\"550\" height=\"445\" src=\"https:\/\/avaloncyprus.com\/wp-content\/uploads\/2023\/11\/about-banner-1-1.png\" class=\"attachment-large size-large wp-image-42766\" alt=\"\" srcset=\"https:\/\/avaloncyprus.com\/wp-content\/uploads\/2023\/11\/about-banner-1-1.png 550w, https:\/\/avaloncyprus.com\/wp-content\/uploads\/2023\/11\/about-banner-1-1-300x243.png 300w\" sizes=\"(max-width: 550px) 100vw, 550px\" \/>\t\t\t\t\t\t\t\t\t\t\t\t\t\t\t<\/div>\n\t\t\t\t<\/div>\n\t\t\t\t<\/div>\n\t\t\t\t\t<\/div>\n\t\t\t\t<\/div>\n\t\t<div class=\"elementor-element elementor-element-fa91a00 e-flex e-con-boxed e-con e-parent\" data-id=\"fa91a00\" data-element_type=\"container\">\n\t\t\t\t\t<div class=\"e-con-inner\">\n\t\t<div class=\"elementor-element elementor-element-bae9f23 e-con-full e-flex e-con e-child\" data-id=\"bae9f23\" data-element_type=\"container\">\n\t\t\t\t<div class=\"elementor-element elementor-element-4ed3499 elementor-widget elementor-widget-image\" data-id=\"4ed3499\" data-element_type=\"widget\" data-widget_type=\"image.default\">\n\t\t\t\t<div class=\"elementor-widget-container\">\n\t\t\t\t\t\t\t\t\t\t\t\t\t\t\t<img decoding=\"async\" width=\"550\" height=\"535\" src=\"https:\/\/avaloncyprus.com\/wp-content\/uploads\/2023\/11\/about-banner-2-1.png\" class=\"attachment-large size-large wp-image-42767\" alt=\"\" srcset=\"https:\/\/avaloncyprus.com\/wp-content\/uploads\/2023\/11\/about-banner-2-1.png 550w, https:\/\/avaloncyprus.com\/wp-content\/uploads\/2023\/11\/about-banner-2-1-300x292.png 300w, https:\/\/avaloncyprus.com\/wp-content\/uploads\/2023\/11\/about-banner-2-1-45x45.png 45w, https:\/\/avaloncyprus.com\/wp-content\/uploads\/2023\/11\/about-banner-2-1-36x36.png 36w\" sizes=\"(max-width: 550px) 100vw, 550px\" \/>\t\t\t\t\t\t\t\t\t\t\t\t\t\t\t<\/div>\n\t\t\t\t<\/div>\n\t\t\t\t<\/div>\n\t\t<div class=\"elementor-element elementor-element-ab12818 e-con-full e-flex e-con e-child\" data-id=\"ab12818\" data-element_type=\"container\">\n\t\t\t\t<div class=\"elementor-element elementor-element-a405809 elementor-widget elementor-widget-text-editor\" data-id=\"a405809\" data-element_type=\"widget\" data-widget_type=\"text-editor.default\">\n\t\t\t\t<div class=\"elementor-widget-container\">\n\t\t\t\t\t\t\t\t\t<p>Serdecznie zapraszamy do lepszego poznania wyspy Cypr podczas bezp\u0142atnej wizyty inspekcyjnej. Oferujemy zakwaterowanie oraz pe\u0142ne wprowadzenie do projekt\u00f3w nieruchomo\u015bci \u2013 apartament\u00f3w i willi na s\u0142onecznej wyspie Cypr.<\/p><p>Wsp\u00f3\u0142pracujemy z wi\u0119kszo\u015bci\u0105 sprawdzonych deweloper\u00f3w nieruchomo\u015bci, firm budowlanych oraz naszymi partnerami, dzi\u0119ki czemu zawsze otrzymasz neutraln\u0105 i profesjonaln\u0105 porad\u0119 inwestycyjn\u0105.<\/p><p>Wierzymy w budowanie d\u0142ugotrwa\u0142ych relacji opartych na zaufaniu, przejrzysto\u015bci i wzajemnym szacunku, dlatego wi\u0119kszo\u015b\u0107 naszych klient\u00f3w decyduje si\u0119 na zakup wi\u0119cej ni\u017c jednej nieruchomo\u015bci razem z nami. Nasz zesp\u00f3\u0142 jest zaanga\u017cowany nie tylko w spe\u0142nianie Twoich oczekiwa\u0144, ale tak\u017ce w ich przekraczanie, zapewniaj\u0105c, \u017ce na ka\u017cdym etapie procesu b\u0119dziesz czu\u0107 si\u0119 doceniony, wys\u0142uchany i otoczony opiek\u0105.<\/p><p>Witamy w Avalon GROUP, gdzie jeste\u015b kim\u015b wi\u0119cej ni\u017c tylko klientem \u2013 jeste\u015b cz\u0119\u015bci\u0105 naszej cennej rodziny.<\/p><p>\ud83d\udccd Nasz\/Tw\u00f3j dom: ISKELE \u00d6t\u00fcken\u2019de kain \u0130\u015f Yeri, 429, P\u00f3\u0142nocny Cypr<\/p><p>\ud83d\udde3 M\u00f3wimy w j\u0119zykach: EN, DE, LT, PL, RU, RO, DK, N<\/p><p>Wi\u0119cej informacji:<br \/>\ud83d\udce9<a href=\"mailto:info@avaloncyprus.com\">info@avaloncyprus.com<\/a><br \/>\ud83d\udcde <a href=\"tel:+90 533 860 50 31\">+90 533 860 50 31 <\/a><a href=\"&quot;mailto:info@avaloncyprus.com\">\ud83c\uddf5\ud83c\uddf1 <\/a><a href=\"tel:+48 514 370 968\">+48 514 370 968<\/a><\/p>\t\t\t\t\t\t\t\t<\/div>\n\t\t\t\t<\/div>\n\t\t\t\t<\/div>\n\t\t\t\t\t<\/div>\n\t\t\t\t<\/div>\n\t\t\t\t<section class=\"elementor-section elementor-top-section elementor-element elementor-element-77b27b0d elementor-section-boxed elementor-section-height-default elementor-section-height-default\" data-id=\"77b27b0d\" data-element_type=\"section\" data-settings=\"{&quot;background_background&quot;:&quot;classic&quot;}\">\n\t\t\t\t\t\t<div class=\"elementor-container elementor-column-gap-default\">\n\t\t\t\t\t<div class=\"elementor-column elementor-col-100 elementor-top-column elementor-element elementor-element-22a4b229\" data-id=\"22a4b229\" data-element_type=\"column\">\n\t\t\t<div class=\"elementor-widget-wrap elementor-element-populated\">\n\t\t\t\t\t\t<section class=\"elementor-section elementor-inner-section elementor-element elementor-element-55268b06 elementor-section-boxed elementor-section-height-default elementor-section-height-default\" data-id=\"55268b06\" data-element_type=\"section\" data-settings=\"{&quot;background_background&quot;:&quot;classic&quot;}\">\n\t\t\t\t\t\t<div class=\"elementor-container elementor-column-gap-default\">\n\t\t\t\t\t<div class=\"elementor-column elementor-col-50 elementor-inner-column elementor-element elementor-element-57352748\" data-id=\"57352748\" data-element_type=\"column\">\n\t\t\t<div class=\"elementor-widget-wrap elementor-element-populated\">\n\t\t\t\t\t\t<div class=\"elementor-element elementor-element-4e982c7e elementor-invisible elementor-widget elementor-widget-heading\" data-id=\"4e982c7e\" data-element_type=\"widget\" data-settings=\"{&quot;_animation&quot;:&quot;fadeIn&quot;,&quot;_animation_delay&quot;:200}\" data-widget_type=\"heading.default\">\n\t\t\t\t<div class=\"elementor-widget-container\">\n\t\t\t\t\t<h2 class=\"elementor-heading-title elementor-size-default\">Kontakt<\/h2>\t\t\t\t<\/div>\n\t\t\t\t<\/div>\n\t\t\t\t<div class=\"elementor-element elementor-element-2824c364 elementor-invisible elementor-widget elementor-widget-text-editor\" data-id=\"2824c364\" data-element_type=\"widget\" data-settings=\"{&quot;_animation&quot;:&quot;fadeIn&quot;,&quot;_animation_delay&quot;:100}\" data-widget_type=\"text-editor.default\">\n\t\t\t\t<div class=\"elementor-widget-container\">\n\t\t\t\t\t\t\t\t\t<p>Nasi eksperci i agenci ch\u0119tnie podziel\u0105 si\u0119 swoj\u0105 wiedz\u0105 i spostrze\u017ceniami, aby pom\u00f3c Ci ju\u017c dzi\u015b.<\/p>\t\t\t\t\t\t\t\t<\/div>\n\t\t\t\t<\/div>\n\t\t\t\t<div class=\"elementor-element elementor-element-21af2c3a elementor-button-align-stretch elementor-invisible elementor-widget elementor-widget-WpResidence_Contact_Form_Builder\" data-id=\"21af2c3a\" data-element_type=\"widget\" data-settings=\"{&quot;_animation&quot;:&quot;fadeIn&quot;,&quot;_animation_delay&quot;:50}\" data-widget_type=\"WpResidence_Contact_Form_Builder.default\">\n\t\t\t\t<div class=\"elementor-widget-container\">\n\t\t\t\t\t\n\n\n\n\n        <form class=\"elementor-form wpresidence_elementor_form wpestate_contact_form_parent\"  id=\"wpresidence-elementor-form-21af2c3a\" method=\"post\" >\n            <div class=\"alert-box error\">\n                <div class=\"alert-message\" id=\"alert-agent-contact\"><\/div>\n            <\/div>\n            <input name=\"prop_id\" type=\"hidden\"  id=\"agent_property_id\" value=\"\">\n            <input name=\"prop_id\" type=\"hidden\"  id=\"agent_id\" value=\"\">\n            <input name=\"prop_id\" type=\"hidden\"  id=\"contact_form_elementor\" value=\"1\">\n            <input type=\"hidden\" name=\"contact_ajax_nonce\" id=\"agent_property_ajax_nonce\"  value=\"02ae165890\" \/>\n\n            \n            \n            <input type=\"hidden\" id=\"wpresidence_form_id\" name=\"wpresidence_form_id\" value=\"wpresidence_form_7883\" \/>\n        \n            <input type=\"hidden\" id=\"elementor_email_subject\" name=\"email_suject\" value=\"New email from &quot;WpResidence Real Estate Demo&quot; \" \/>\n\n\n            <div class=\"elementor-form-fields-wrapper elementor-labels-above\">\n        <div class=\"elementor-field-group elementor-column form-group elementor-field-group-name elementor-field-required elementor-col-50\"><label for=\"form-field-name\" class=\"elementor-field-label\">Last name*<\/label><input type=\"text\" name=\"last_name\" id=\"form-field-name\" class=\"elementor-field form-control elementor-size-sm elementor-field-textual\" required=\"required\" placeholder=\"Last name\"><\/div><div class=\"elementor-field-group elementor-column form-group elementor-field-group-5217b40 elementor-field-required elementor-col-50\"><label for=\"form-field-5217b40\" class=\"elementor-field-label\">First name*<\/label><input type=\"text\" name=\"first_name\" id=\"form-field-5217b40\" class=\"elementor-field form-control elementor-size-sm elementor-field-textual\" required=\"required\" placeholder=\"First name\"><\/div><div class=\"elementor-field-group elementor-column form-group elementor-field-group-email elementor-field-required elementor-col-50\"><label for=\"form-field-email\" class=\"elementor-field-label\">Email*<\/label><input type=\"email\" name=\"email\" id=\"form-field-email\" class=\"elementor-field form-control elementor-size-sm elementor-field-textual\" required=\"required\" placeholder=\"Email\"><\/div><div class=\"elementor-field-group elementor-column form-group elementor-field-group-e5a3521 elementor-col-50\"><label for=\"form-field-e5a3521\" class=\"elementor-field-label\">Mobile<\/label><input type=\"text\" name=\"mobile\" id=\"form-field-e5a3521\" class=\"elementor-field form-control elementor-size-sm elementor-field-textual\" placeholder=\"Mobile\"><\/div><div class=\"elementor-field-group elementor-column form-group elementor-field-group-message elementor-col-100\"><label for=\"form-field-message\" class=\"elementor-field-label\">Message<\/label><textarea class=\"form-control elementor-field-textual elementor-field elementor-size-sm\" name=\"message\" id=\"form-field-message\" rows=\"4\" placeholder=\"Message\"><\/textarea><\/div>\n                <div class=\"elementor-field-group elementor-column elementor-field-type-submit elementor-col-100\">\n                            <button type=\"submit\" class=\"agent_submit_class_elementor wpresidence_button wpresidence_button_elementor elementor-button elementor-size-md\">\n                    Send Email                            <\/button>\n\n                <\/div>\n            <\/div>\n\n\n\n        <\/form>\n\n\n\n\n        \t\t\t\t<\/div>\n\t\t\t\t<\/div>\n\t\t\t\t\t<\/div>\n\t\t<\/div>\n\t\t\t\t<div class=\"elementor-column elementor-col-50 elementor-inner-column elementor-element elementor-element-24f6f81e\" data-id=\"24f6f81e\" data-element_type=\"column\" data-settings=\"{&quot;background_background&quot;:&quot;classic&quot;}\">\n\t\t\t<div class=\"elementor-widget-wrap elementor-element-populated\">\n\t\t\t\t\t<div class=\"elementor-background-overlay\"><\/div>\n\t\t\t\t\t\t\t<\/div>\n\t\t<\/div>\n\t\t\t\t\t<\/div>\n\t\t<\/section>\n\t\t\t\t\t<\/div>\n\t\t<\/div>\n\t\t\t\t\t<\/div>\n\t\t<\/section>\n\t\t\t\t<\/div>\n\t\t","protected":false},"excerpt":{"rendered":"","protected":false},"author":1,"featured_media":0,"parent":0,"menu_order":0,"comment_status":"closed","ping_status":"closed","template":"elementor_header_footer","meta":{"footnotes":"","_wp_rev_ctl_limit":""},"class_list":["post-43308","page","type-page","status-publish","hentry"],"aioseo_notices":[],"_links":{"self":[{"href":"https:\/\/avaloncyprus.com\/pl\/wp-json\/wp\/v2\/pages\/43308","targetHints":{"allow":["GET"]}}],"collection":[{"href":"https:\/\/avaloncyprus.com\/pl\/wp-json\/wp\/v2\/pages"}],"about":[{"href":"https:\/\/avaloncyprus.com\/pl\/wp-json\/wp\/v2\/types\/page"}],"author":[{"embeddable":true,"href":"https:\/\/avaloncyprus.com\/pl\/wp-json\/wp\/v2\/users\/1"}],"replies":[{"embeddable":true,"href":"https:\/\/avaloncyprus.com\/pl\/wp-json\/wp\/v2\/comments?post=43308"}],"version-history":[{"count":7,"href":"https:\/\/avaloncyprus.com\/pl\/wp-json\/wp\/v2\/pages\/43308\/revisions"}],"predecessor-version":[{"id":44372,"href":"https:\/\/avaloncyprus.com\/pl\/wp-json\/wp\/v2\/pages\/43308\/revisions\/44372"}],"wp:attachment":[{"href":"https:\/\/avaloncyprus.com\/pl\/wp-json\/wp\/v2\/media?parent=43308"}],"curies":[{"name":"wp","href":"https:\/\/api.w.org\/{rel}","templated":true}]}}